{"id":125,"date":"2022-04-08T07:45:19","date_gmt":"2022-04-08T07:45:19","guid":{"rendered":"https:\/\/www.becauseofyou.nl\/?post_type=product&#038;p=125"},"modified":"2022-09-21T13:23:43","modified_gmt":"2022-09-21T13:23:43","slug":"ketting-dalmatier-jaspis-schelp-hartje","status":"publish","type":"product","link":"https:\/\/www.becauseofyou.nl\/?product=ketting-dalmatier-jaspis-schelp-hartje","title":{"rendered":"Ketting Dalmati\u00ebr Jaspis &#038; Schelp Hartje"},"content":{"rendered":"","protected":false},"excerpt":{"rendered":"<p>Stainless steel ketting met een Dalmati\u00ebr Jaspis hartje en een schelp hartje.<\/p>\n<p><strong>Dalmati\u00ebr Jaspis<\/strong><\/p>\n<ul>\n<li>Het is een sterk beschermende steen die helpt bij negatieve straling en energie.<\/li>\n<li>Dalmati\u00ebr Jaspis brengt je in balans en zorgt dat negativiteit uit je systeem wordt verwijderd.<\/li>\n<li>Voorkomt negatieve gedachten en remt het malen in je hoofd zodat je tot rust kunt komen.<\/li>\n<li>Helpt je aarden, sterkt je en geeft energie.<\/li>\n<li>Laat je contact maken met je basis en je blauwdruk van wat je echt belangrijk vindt.<\/li>\n<li>Helpt tegen maagpijn en misselijkheid en helpt het bij braakneigingen tijdens de zwangerschap.<\/li>\n<li>Heeft een positieve werking op de zenuwen en sterkt de reflexen. Daarnaast heeft het een positieve werking op het verminderen van allergische reacties.<\/li>\n<\/ul>\n<p>Lengte ketting: 42 cm + extra lengte<\/p>\n<p>Wij maken alle sieraden met liefde met de hand, met de beste kwaliteit materialen. Wil je een sieraad graag aangepast hebben naar je eigen zin? Stuur ons dan een berichtje en we maken samen jouw perfecte sieraad.<\/p>\n","protected":false},"featured_media":163,"comment_status":"open","ping_status":"closed","template":"","meta":{"_et_pb_use_builder":"","_et_pb_old_content":"","_et_gb_content_width":""},"product_cat":[155,56,17],"product_tag":[],"supplier_id":null,"supplier_sku":"","barcode":null,"atum_controlled":true,"out_stock_date":"2022-09-21 13:23:43","out_stock_threshold":null,"inheritable":false,"inbound_stock":0,"stock_on_hold":0,"sold_today":0,"sales_last_days":0,"reserved_stock":0,"customer_returns":0,"warehouse_damage":0,"lost_in_post":0,"other_logs":0,"out_stock_days":1316,"lost_sales":0,"has_location":false,"update_date":"2026-04-30T03:53:22","atum_locations":[],"atum_stock_status":"outofstock","restock_status":false,"low_stock_amount":"","sales_update_date":"2026-04-30T03:53:22","calc_backorders":null,"yoast_head":"<!-- This site is optimized with the Yoast SEO plugin v18.5.1 - https:\/\/yoast.com\/wordpress\/plugins\/seo\/ -->\n<title>Ketting Dalmati\u00ebr Jaspis &amp; Schelp Hartje - Because of You<\/title>\n<meta name=\"robots\" content=\"index, follow, max-snippet:-1, max-image-preview:large, max-video-preview:-1\" \/>\n<link rel=\"canonical\" href=\"https:\/\/www.becauseofyou.nl\/?product=ketting-dalmatier-jaspis-schelp-hartje\" \/>\n<meta property=\"og:locale\" content=\"nl_NL\" \/>\n<meta property=\"og:type\" content=\"article\" \/>\n<meta property=\"og:title\" content=\"Ketting Dalmati\u00ebr Jaspis &amp; Schelp Hartje - Because of You\" \/>\n<meta property=\"og:description\" content=\"Stainless steel ketting met een Dalmati\u00ebr Jaspis hartje en een schelp hartje.  Dalmati\u00ebr Jaspis   Het is een sterk beschermende steen die helpt bij negatieve straling en energie.  Dalmati\u00ebr Jaspis brengt je in balans en zorgt dat negativiteit uit je systeem wordt verwijderd.  Voorkomt negatieve gedachten en remt het malen in je hoofd zodat je tot rust kunt komen.  Helpt je aarden, sterkt je en geeft energie.  Laat je contact maken met je basis en je blauwdruk van wat je echt belangrijk vindt.  Helpt tegen maagpijn en misselijkheid en helpt het bij braakneigingen tijdens de zwangerschap.  Heeft een positieve werking op de zenuwen en sterkt de reflexen. Daarnaast heeft het een positieve werking op het verminderen van allergische reacties.  Lengte ketting: 42 cm + extra lengte  Wij maken alle sieraden met liefde met de hand, met de beste kwaliteit materialen. Wil je een sieraad graag aangepast hebben naar je eigen zin? Stuur ons dan een berichtje en we maken samen jouw perfecte sieraad.\" \/>\n<meta property=\"og:url\" content=\"https:\/\/www.becauseofyou.nl\/?product=ketting-dalmatier-jaspis-schelp-hartje\" \/>\n<meta property=\"og:site_name\" content=\"Because of You\" \/>\n<meta property=\"article:modified_time\" content=\"2022-09-21T13:23:43+00:00\" \/>\n<meta property=\"og:image\" content=\"https:\/\/www.becauseofyou.nl\/wp-content\/uploads\/2022\/04\/IMG_6963_Facetune_25-02-2022-10-50-35-scaled-e1646406523497.jpg\" \/>\n\t<meta property=\"og:image:width\" content=\"2374\" \/>\n\t<meta property=\"og:image:height\" content=\"2425\" \/>\n\t<meta property=\"og:image:type\" content=\"image\/jpeg\" \/>\n<meta name=\"twitter:card\" content=\"summary_large_image\" \/>\n<script type=\"application\/ld+json\" class=\"yoast-schema-graph\">{\"@context\":\"https:\/\/schema.org\",\"@graph\":[{\"@type\":\"WebSite\",\"@id\":\"https:\/\/www.becauseofyou.nl\/#website\",\"url\":\"https:\/\/www.becauseofyou.nl\/\",\"name\":\"Because of You\",\"description\":\"\",\"potentialAction\":[{\"@type\":\"SearchAction\",\"target\":{\"@type\":\"EntryPoint\",\"urlTemplate\":\"https:\/\/www.becauseofyou.nl\/?s={search_term_string}\"},\"query-input\":\"required name=search_term_string\"}],\"inLanguage\":\"nl\"},{\"@type\":\"ImageObject\",\"@id\":\"https:\/\/www.becauseofyou.nl\/?product=ketting-dalmatier-jaspis-schelp-hartje#primaryimage\",\"inLanguage\":\"nl\",\"url\":\"https:\/\/www.becauseofyou.nl\/wp-content\/uploads\/2022\/04\/IMG_6963_Facetune_25-02-2022-10-50-35-scaled-e1646406523497.jpg\",\"contentUrl\":\"https:\/\/www.becauseofyou.nl\/wp-content\/uploads\/2022\/04\/IMG_6963_Facetune_25-02-2022-10-50-35-scaled-e1646406523497.jpg\",\"width\":2374,\"height\":2425},{\"@type\":\"WebPage\",\"@id\":\"https:\/\/www.becauseofyou.nl\/?product=ketting-dalmatier-jaspis-schelp-hartje#webpage\",\"url\":\"https:\/\/www.becauseofyou.nl\/?product=ketting-dalmatier-jaspis-schelp-hartje\",\"name\":\"Ketting Dalmati\u00ebr Jaspis & Schelp Hartje - Because of You\",\"isPartOf\":{\"@id\":\"https:\/\/www.becauseofyou.nl\/#website\"},\"primaryImageOfPage\":{\"@id\":\"https:\/\/www.becauseofyou.nl\/?product=ketting-dalmatier-jaspis-schelp-hartje#primaryimage\"},\"datePublished\":\"2022-04-08T07:45:19+00:00\",\"dateModified\":\"2022-09-21T13:23:43+00:00\",\"breadcrumb\":{\"@id\":\"https:\/\/www.becauseofyou.nl\/?product=ketting-dalmatier-jaspis-schelp-hartje#breadcrumb\"},\"inLanguage\":\"nl\",\"potentialAction\":[{\"@type\":\"ReadAction\",\"target\":[\"https:\/\/www.becauseofyou.nl\/?product=ketting-dalmatier-jaspis-schelp-hartje\"]}]},{\"@type\":\"BreadcrumbList\",\"@id\":\"https:\/\/www.becauseofyou.nl\/?product=ketting-dalmatier-jaspis-schelp-hartje#breadcrumb\",\"itemListElement\":[{\"@type\":\"ListItem\",\"position\":1,\"name\":\"Home\",\"item\":\"https:\/\/www.becauseofyou.nl\/\"},{\"@type\":\"ListItem\",\"position\":2,\"name\":\"Winkel\",\"item\":\"https:\/\/www.becauseofyou.nl\/?page_id=7\"},{\"@type\":\"ListItem\",\"position\":3,\"name\":\"Ketting Dalmati\u00ebr Jaspis &#038; Schelp Hartje\"}]}]}<\/script>\n<!-- \/ Yoast SEO plugin. -->","yoast_head_json":{"title":"Ketting Dalmati\u00ebr Jaspis & Schelp Hartje - Because of You","robots":{"index":"index","follow":"follow","max-snippet":"max-snippet:-1","max-image-preview":"max-image-preview:large","max-video-preview":"max-video-preview:-1"},"canonical":"https:\/\/www.becauseofyou.nl\/?product=ketting-dalmatier-jaspis-schelp-hartje","og_locale":"nl_NL","og_type":"article","og_title":"Ketting Dalmati\u00ebr Jaspis & Schelp Hartje - Because of You","og_description":"Stainless steel ketting met een Dalmati\u00ebr Jaspis hartje en een schelp hartje.  Dalmati\u00ebr Jaspis   Het is een sterk beschermende steen die helpt bij negatieve straling en energie.  Dalmati\u00ebr Jaspis brengt je in balans en zorgt dat negativiteit uit je systeem wordt verwijderd.  Voorkomt negatieve gedachten en remt het malen in je hoofd zodat je tot rust kunt komen.  Helpt je aarden, sterkt je en geeft energie.  Laat je contact maken met je basis en je blauwdruk van wat je echt belangrijk vindt.  Helpt tegen maagpijn en misselijkheid en helpt het bij braakneigingen tijdens de zwangerschap.  Heeft een positieve werking op de zenuwen en sterkt de reflexen. Daarnaast heeft het een positieve werking op het verminderen van allergische reacties.  Lengte ketting: 42 cm + extra lengte  Wij maken alle sieraden met liefde met de hand, met de beste kwaliteit materialen. Wil je een sieraad graag aangepast hebben naar je eigen zin? Stuur ons dan een berichtje en we maken samen jouw perfecte sieraad.","og_url":"https:\/\/www.becauseofyou.nl\/?product=ketting-dalmatier-jaspis-schelp-hartje","og_site_name":"Because of You","article_modified_time":"2022-09-21T13:23:43+00:00","og_image":[{"width":2374,"height":2425,"url":"https:\/\/www.becauseofyou.nl\/wp-content\/uploads\/2022\/04\/IMG_6963_Facetune_25-02-2022-10-50-35-scaled-e1646406523497.jpg","type":"image\/jpeg"}],"twitter_card":"summary_large_image","schema":{"@context":"https:\/\/schema.org","@graph":[{"@type":"WebSite","@id":"https:\/\/www.becauseofyou.nl\/#website","url":"https:\/\/www.becauseofyou.nl\/","name":"Because of You","description":"","potentialAction":[{"@type":"SearchAction","target":{"@type":"EntryPoint","urlTemplate":"https:\/\/www.becauseofyou.nl\/?s={search_term_string}"},"query-input":"required name=search_term_string"}],"inLanguage":"nl"},{"@type":"ImageObject","@id":"https:\/\/www.becauseofyou.nl\/?product=ketting-dalmatier-jaspis-schelp-hartje#primaryimage","inLanguage":"nl","url":"https:\/\/www.becauseofyou.nl\/wp-content\/uploads\/2022\/04\/IMG_6963_Facetune_25-02-2022-10-50-35-scaled-e1646406523497.jpg","contentUrl":"https:\/\/www.becauseofyou.nl\/wp-content\/uploads\/2022\/04\/IMG_6963_Facetune_25-02-2022-10-50-35-scaled-e1646406523497.jpg","width":2374,"height":2425},{"@type":"WebPage","@id":"https:\/\/www.becauseofyou.nl\/?product=ketting-dalmatier-jaspis-schelp-hartje#webpage","url":"https:\/\/www.becauseofyou.nl\/?product=ketting-dalmatier-jaspis-schelp-hartje","name":"Ketting Dalmati\u00ebr Jaspis & Schelp Hartje - Because of You","isPartOf":{"@id":"https:\/\/www.becauseofyou.nl\/#website"},"primaryImageOfPage":{"@id":"https:\/\/www.becauseofyou.nl\/?product=ketting-dalmatier-jaspis-schelp-hartje#primaryimage"},"datePublished":"2022-04-08T07:45:19+00:00","dateModified":"2022-09-21T13:23:43+00:00","breadcrumb":{"@id":"https:\/\/www.becauseofyou.nl\/?product=ketting-dalmatier-jaspis-schelp-hartje#breadcrumb"},"inLanguage":"nl","potentialAction":[{"@type":"ReadAction","target":["https:\/\/www.becauseofyou.nl\/?product=ketting-dalmatier-jaspis-schelp-hartje"]}]},{"@type":"BreadcrumbList","@id":"https:\/\/www.becauseofyou.nl\/?product=ketting-dalmatier-jaspis-schelp-hartje#breadcrumb","itemListElement":[{"@type":"ListItem","position":1,"name":"Home","item":"https:\/\/www.becauseofyou.nl\/"},{"@type":"ListItem","position":2,"name":"Winkel","item":"https:\/\/www.becauseofyou.nl\/?page_id=7"},{"@type":"ListItem","position":3,"name":"Ketting Dalmati\u00ebr Jaspis &#038; Schelp Hartje"}]}]}},"_links":{"self":[{"href":"https:\/\/www.becauseofyou.nl\/index.php?rest_route=\/wp\/v2\/product\/125"}],"collection":[{"href":"https:\/\/www.becauseofyou.nl\/index.php?rest_route=\/wp\/v2\/product"}],"about":[{"href":"https:\/\/www.becauseofyou.nl\/index.php?rest_route=\/wp\/v2\/types\/product"}],"replies":[{"embeddable":true,"href":"https:\/\/www.becauseofyou.nl\/index.php?rest_route=%2Fwp%2Fv2%2Fcomments&post=125"}],"wp:featuredmedia":[{"embeddable":true,"href":"https:\/\/www.becauseofyou.nl\/index.php?rest_route=\/wp\/v2\/media\/163"}],"wp:attachment":[{"href":"https:\/\/www.becauseofyou.nl\/index.php?rest_route=%2Fwp%2Fv2%2Fmedia&parent=125"}],"wp:term":[{"taxonomy":"product_cat","embeddable":true,"href":"https:\/\/www.becauseofyou.nl\/index.php?rest_route=%2Fwp%2Fv2%2Fproduct_cat&post=125"},{"taxonomy":"product_tag","embeddable":true,"href":"https:\/\/www.becauseofyou.nl\/index.php?rest_route=%2Fwp%2Fv2%2Fproduct_tag&post=125"}],"curies":[{"name":"wp","href":"https:\/\/api.w.org\/{rel}","templated":true}]}}