{"id":50791,"date":"2022-08-03T20:23:15","date_gmt":"2022-08-03T20:23:15","guid":{"rendered":"https:\/\/www.becauseofyou.nl\/?post_type=product&#038;p=50791"},"modified":"2023-01-06T18:32:13","modified_gmt":"2023-01-06T18:32:13","slug":"ketting-dalmatier-jaspis-goud","status":"publish","type":"product","link":"https:\/\/www.becauseofyou.nl\/?product=ketting-dalmatier-jaspis-goud","title":{"rendered":"Ketting Dalmati\u00ebr Jaspis &#8211; Goud"},"content":{"rendered":"<p>Rvs ketting met bolletjes met een Dalmati\u00ebr Jaspis steen, in een rvs setting. De ketting is erg sterk, verkleurt niet en is anti allergie.<\/p>\n<p>Dalmatier Jaspis (Jasper)<\/p>\n<p>Het is een sterk beschermende steen die helpt bij negatieve straling en energie. Dalmati\u00ebr Jaspis brengt je in balans en zorgt dat negativiteit uit je systeem wordt verwijderd. Dalmati\u00ebr Jaspis voorkomt negatieve gedachten en remt het malen in je hoofd zodat je tot rust kunt komen. Dalmati\u00ebr Jaspis helpt je aarden, sterkt je en geeft energie. Laat je contact maken met je basis en je blauwdruk van wat je echt belangrijk vindt.Het is een steen die depressieve gevoelens vermindert en helpt bij angsten en nachtmerries. Op lichamelijk vlak helpt Dalmati\u00ebr Jaspis tegen maagpijn en misselijkheid en helpt het bij braakneigingen tijdens de zwangerschap. Dalmati\u00ebr Jaspis  heeft een positieve werking op de zenuwen en sterkt de reflexen. Daarnaast heeft het een positieve werking op het verminderen van allergische reacties.<\/p>\n<p>Lengte: 46 cm<\/p>\n","protected":false},"excerpt":{"rendered":"<p>Rvs ketting met bolletjes met een Dalmati\u00ebr Jaspis steen, in een rvs setting. De ketting is erg sterk, verkleurt niet en is anti allergie. Dalmatier Jaspis (Jasper) Het is een sterk beschermende steen die helpt bij negatieve straling en energie. Dalmati\u00ebr Jaspis brengt je in balans en zorgt dat negativiteit uit je systeem wordt verwijderd. [&hellip;]<\/p>\n","protected":false},"featured_media":50806,"comment_status":"open","ping_status":"closed","template":"","meta":{"_et_pb_use_builder":"","_et_pb_old_content":"","_et_gb_content_width":""},"product_cat":[155,56,17],"product_tag":[],"supplier_id":null,"supplier_sku":"","barcode":null,"atum_controlled":true,"out_stock_date":null,"out_stock_threshold":null,"inheritable":false,"inbound_stock":0,"stock_on_hold":0,"sold_today":0,"sales_last_days":0,"reserved_stock":0,"customer_returns":0,"warehouse_damage":0,"lost_in_post":0,"other_logs":0,"out_stock_days":0,"lost_sales":0,"has_location":false,"update_date":"2026-04-08T21:53:40","atum_locations":[],"atum_stock_status":"instock","restock_status":false,"low_stock_amount":"","sales_update_date":"2026-04-08T21:53:40","calc_backorders":null,"yoast_head":"<!-- This site is optimized with the Yoast SEO plugin v18.5.1 - https:\/\/yoast.com\/wordpress\/plugins\/seo\/ -->\n<title>Ketting Dalmati\u00ebr Jaspis - Goud - Because of You<\/title>\n<meta name=\"robots\" content=\"index, follow, max-snippet:-1, max-image-preview:large, max-video-preview:-1\" \/>\n<link rel=\"canonical\" href=\"https:\/\/www.becauseofyou.nl\/?product=ketting-dalmatier-jaspis-goud\" \/>\n<meta property=\"og:locale\" content=\"nl_NL\" \/>\n<meta property=\"og:type\" content=\"article\" \/>\n<meta property=\"og:title\" content=\"Ketting Dalmati\u00ebr Jaspis - Goud - Because of You\" \/>\n<meta property=\"og:description\" content=\"Rvs ketting met bolletjes met een Dalmati\u00ebr Jaspis steen, in een rvs setting. De ketting is erg sterk, verkleurt niet en is anti allergie. Dalmatier Jaspis (Jasper) Het is een sterk beschermende steen die helpt bij negatieve straling en energie. Dalmati\u00ebr Jaspis brengt je in balans en zorgt dat negativiteit uit je systeem wordt verwijderd. [&hellip;]\" \/>\n<meta property=\"og:url\" content=\"https:\/\/www.becauseofyou.nl\/?product=ketting-dalmatier-jaspis-goud\" \/>\n<meta property=\"og:site_name\" content=\"Because of You\" \/>\n<meta property=\"article:modified_time\" content=\"2023-01-06T18:32:13+00:00\" \/>\n<meta property=\"og:image\" content=\"https:\/\/www.becauseofyou.nl\/wp-content\/uploads\/2022\/08\/107.jpg\" \/>\n\t<meta property=\"og:image:width\" content=\"700\" \/>\n\t<meta property=\"og:image:height\" content=\"700\" \/>\n\t<meta property=\"og:image:type\" content=\"image\/jpeg\" \/>\n<meta name=\"twitter:card\" content=\"summary_large_image\" \/>\n<meta name=\"twitter:label1\" content=\"Geschatte leestijd\" \/>\n\t<meta name=\"twitter:data1\" content=\"1 minuut\" \/>\n<script type=\"application\/ld+json\" class=\"yoast-schema-graph\">{\"@context\":\"https:\/\/schema.org\",\"@graph\":[{\"@type\":\"WebSite\",\"@id\":\"https:\/\/www.becauseofyou.nl\/#website\",\"url\":\"https:\/\/www.becauseofyou.nl\/\",\"name\":\"Because of You\",\"description\":\"\",\"potentialAction\":[{\"@type\":\"SearchAction\",\"target\":{\"@type\":\"EntryPoint\",\"urlTemplate\":\"https:\/\/www.becauseofyou.nl\/?s={search_term_string}\"},\"query-input\":\"required name=search_term_string\"}],\"inLanguage\":\"nl\"},{\"@type\":\"ImageObject\",\"@id\":\"https:\/\/www.becauseofyou.nl\/?product=ketting-dalmatier-jaspis-goud#primaryimage\",\"inLanguage\":\"nl\",\"url\":\"https:\/\/www.becauseofyou.nl\/wp-content\/uploads\/2022\/08\/107.jpg\",\"contentUrl\":\"https:\/\/www.becauseofyou.nl\/wp-content\/uploads\/2022\/08\/107.jpg\",\"width\":700,\"height\":700},{\"@type\":\"WebPage\",\"@id\":\"https:\/\/www.becauseofyou.nl\/?product=ketting-dalmatier-jaspis-goud#webpage\",\"url\":\"https:\/\/www.becauseofyou.nl\/?product=ketting-dalmatier-jaspis-goud\",\"name\":\"Ketting Dalmati\u00ebr Jaspis - Goud - Because of You\",\"isPartOf\":{\"@id\":\"https:\/\/www.becauseofyou.nl\/#website\"},\"primaryImageOfPage\":{\"@id\":\"https:\/\/www.becauseofyou.nl\/?product=ketting-dalmatier-jaspis-goud#primaryimage\"},\"datePublished\":\"2022-08-03T20:23:15+00:00\",\"dateModified\":\"2023-01-06T18:32:13+00:00\",\"breadcrumb\":{\"@id\":\"https:\/\/www.becauseofyou.nl\/?product=ketting-dalmatier-jaspis-goud#breadcrumb\"},\"inLanguage\":\"nl\",\"potentialAction\":[{\"@type\":\"ReadAction\",\"target\":[\"https:\/\/www.becauseofyou.nl\/?product=ketting-dalmatier-jaspis-goud\"]}]},{\"@type\":\"BreadcrumbList\",\"@id\":\"https:\/\/www.becauseofyou.nl\/?product=ketting-dalmatier-jaspis-goud#breadcrumb\",\"itemListElement\":[{\"@type\":\"ListItem\",\"position\":1,\"name\":\"Home\",\"item\":\"https:\/\/www.becauseofyou.nl\/\"},{\"@type\":\"ListItem\",\"position\":2,\"name\":\"Winkel\",\"item\":\"https:\/\/www.becauseofyou.nl\/?page_id=7\"},{\"@type\":\"ListItem\",\"position\":3,\"name\":\"Ketting Dalmati\u00ebr Jaspis &#8211; Goud\"}]}]}<\/script>\n<!-- \/ Yoast SEO plugin. -->","yoast_head_json":{"title":"Ketting Dalmati\u00ebr Jaspis - Goud - Because of You","robots":{"index":"index","follow":"follow","max-snippet":"max-snippet:-1","max-image-preview":"max-image-preview:large","max-video-preview":"max-video-preview:-1"},"canonical":"https:\/\/www.becauseofyou.nl\/?product=ketting-dalmatier-jaspis-goud","og_locale":"nl_NL","og_type":"article","og_title":"Ketting Dalmati\u00ebr Jaspis - Goud - Because of You","og_description":"Rvs ketting met bolletjes met een Dalmati\u00ebr Jaspis steen, in een rvs setting. De ketting is erg sterk, verkleurt niet en is anti allergie. Dalmatier Jaspis (Jasper) Het is een sterk beschermende steen die helpt bij negatieve straling en energie. Dalmati\u00ebr Jaspis brengt je in balans en zorgt dat negativiteit uit je systeem wordt verwijderd. [&hellip;]","og_url":"https:\/\/www.becauseofyou.nl\/?product=ketting-dalmatier-jaspis-goud","og_site_name":"Because of You","article_modified_time":"2023-01-06T18:32:13+00:00","og_image":[{"width":700,"height":700,"url":"https:\/\/www.becauseofyou.nl\/wp-content\/uploads\/2022\/08\/107.jpg","type":"image\/jpeg"}],"twitter_card":"summary_large_image","twitter_misc":{"Geschatte leestijd":"1 minuut"},"schema":{"@context":"https:\/\/schema.org","@graph":[{"@type":"WebSite","@id":"https:\/\/www.becauseofyou.nl\/#website","url":"https:\/\/www.becauseofyou.nl\/","name":"Because of You","description":"","potentialAction":[{"@type":"SearchAction","target":{"@type":"EntryPoint","urlTemplate":"https:\/\/www.becauseofyou.nl\/?s={search_term_string}"},"query-input":"required name=search_term_string"}],"inLanguage":"nl"},{"@type":"ImageObject","@id":"https:\/\/www.becauseofyou.nl\/?product=ketting-dalmatier-jaspis-goud#primaryimage","inLanguage":"nl","url":"https:\/\/www.becauseofyou.nl\/wp-content\/uploads\/2022\/08\/107.jpg","contentUrl":"https:\/\/www.becauseofyou.nl\/wp-content\/uploads\/2022\/08\/107.jpg","width":700,"height":700},{"@type":"WebPage","@id":"https:\/\/www.becauseofyou.nl\/?product=ketting-dalmatier-jaspis-goud#webpage","url":"https:\/\/www.becauseofyou.nl\/?product=ketting-dalmatier-jaspis-goud","name":"Ketting Dalmati\u00ebr Jaspis - Goud - Because of You","isPartOf":{"@id":"https:\/\/www.becauseofyou.nl\/#website"},"primaryImageOfPage":{"@id":"https:\/\/www.becauseofyou.nl\/?product=ketting-dalmatier-jaspis-goud#primaryimage"},"datePublished":"2022-08-03T20:23:15+00:00","dateModified":"2023-01-06T18:32:13+00:00","breadcrumb":{"@id":"https:\/\/www.becauseofyou.nl\/?product=ketting-dalmatier-jaspis-goud#breadcrumb"},"inLanguage":"nl","potentialAction":[{"@type":"ReadAction","target":["https:\/\/www.becauseofyou.nl\/?product=ketting-dalmatier-jaspis-goud"]}]},{"@type":"BreadcrumbList","@id":"https:\/\/www.becauseofyou.nl\/?product=ketting-dalmatier-jaspis-goud#breadcrumb","itemListElement":[{"@type":"ListItem","position":1,"name":"Home","item":"https:\/\/www.becauseofyou.nl\/"},{"@type":"ListItem","position":2,"name":"Winkel","item":"https:\/\/www.becauseofyou.nl\/?page_id=7"},{"@type":"ListItem","position":3,"name":"Ketting Dalmati\u00ebr Jaspis &#8211; Goud"}]}]}},"_links":{"self":[{"href":"https:\/\/www.becauseofyou.nl\/index.php?rest_route=\/wp\/v2\/product\/50791"}],"collection":[{"href":"https:\/\/www.becauseofyou.nl\/index.php?rest_route=\/wp\/v2\/product"}],"about":[{"href":"https:\/\/www.becauseofyou.nl\/index.php?rest_route=\/wp\/v2\/types\/product"}],"replies":[{"embeddable":true,"href":"https:\/\/www.becauseofyou.nl\/index.php?rest_route=%2Fwp%2Fv2%2Fcomments&post=50791"}],"wp:featuredmedia":[{"embeddable":true,"href":"https:\/\/www.becauseofyou.nl\/index.php?rest_route=\/wp\/v2\/media\/50806"}],"wp:attachment":[{"href":"https:\/\/www.becauseofyou.nl\/index.php?rest_route=%2Fwp%2Fv2%2Fmedia&parent=50791"}],"wp:term":[{"taxonomy":"product_cat","embeddable":true,"href":"https:\/\/www.becauseofyou.nl\/index.php?rest_route=%2Fwp%2Fv2%2Fproduct_cat&post=50791"},{"taxonomy":"product_tag","embeddable":true,"href":"https:\/\/www.becauseofyou.nl\/index.php?rest_route=%2Fwp%2Fv2%2Fproduct_tag&post=50791"}],"curies":[{"name":"wp","href":"https:\/\/api.w.org\/{rel}","templated":true}]}}